{"id":36663,"date":"2023-02-27T14:29:48","date_gmt":"2023-02-27T14:29:48","guid":{"rendered":"https:\/\/www.dim4.com\/?page_id=36663"},"modified":"2024-02-21T16:12:39","modified_gmt":"2024-02-21T16:12:39","slug":"dimension-4-medaille-d-argent-par-ecovadis","status":"publish","type":"page","link":"https:\/\/www.dim4.com\/index.php\/dimension-4-medaille-d-argent-par-ecovadis\/","title":{"rendered":"Dimension 4 m\u00e9daill\u00e9 d&rsquo;argent par Ecovadis"},"content":{"rendered":"<p>[vc_empty_space height=&nbsp;&raquo;64px&nbsp;&raquo;][vc_row equal_height=&nbsp;&raquo;yes&nbsp;&raquo; content_placement=&nbsp;&raquo;middle&nbsp;&raquo;][vc_column width=&nbsp;&raquo;1\/4&Prime;][vc_single_image image=&nbsp;&raquo;36694&Prime; img_size=&nbsp;&raquo;200&#215;200&Prime;][\/vc_column][vc_column width=&nbsp;&raquo;3\/4&Prime;][vc_column_text]<\/p>\n<h3 style=\"text-align: left;\">DIMENSION 4 M\u00c9DAILL\u00c9 D\u2019ARGENT ECOVADIS<\/h3>\n<p>[\/vc_column_text][\/vc_column][\/vc_row][vc_empty_space height=&nbsp;&raquo;64px&nbsp;&raquo;][vc_row][vc_column][vc_column_text]Dimension 4 poursuit ses efforts en mati\u00e8re de Responsabilit\u00e9 Soci\u00e9tale des Entreprises (RSE). Gr\u00e2ce \u00e0 toutes les actions men\u00e9es avec les \u00e9quipes de Dimension 4, l\u2019entreprise est fi\u00e8re d\u2019avoir obtenu cette m\u00e9daille d\u2019argent d\u2019EcoVadis r\u00e9compensant le travail accompli.[\/vc_column_text][\/vc_column][\/vc_row][vc_empty_space][vc_row][vc_column][vc_column_text]EcoVadis, organisme de notation des performances RSE, est une plateforme d\u2019\u00e9valuation. Elle \u00e9value la mani\u00e8re dont une entreprise a int\u00e9gr\u00e9 les principes de la RSE dans ses activit\u00e9s. Dimension 4 entend ancrer ses pratiques de mani\u00e8re durable en \u00e9tant reconnu comme un employeur et un partenaire responsable.[\/vc_column_text][\/vc_column][\/vc_row][vc_empty_space][vc_row][vc_column][vc_column_text]Pour en savoir plus sur EcoVadis :\u00a0<a href=\"https:\/\/ecovadis.com\/fr\/about-us\/\">https:\/\/ecovadis.com\/fr\/about-us\/<\/a>[\/vc_column_text][\/vc_column][\/vc_row][vc_row][vc_column][vc_raw_html css=&nbsp;&raquo;.vc_custom_1708531956704{padding-top: 60px !important;}&nbsp;&raquo;]JTNDZGl2JTIwd2lkdGglM0QlMjIxMDAlMjUlMjIlMjBzdHlsZSUzRCUyMmJvcmRlci10b3AlM0ElMjAxcHglMjBzb2xpZCUyMCUyMzIyMjIyMiUzQiUyMGRpc3BsYXklM0ElMjBmbGV4JTNCJTIwZmxleC13cmFwJTNBJTIwd3JhcCUzQiUyMiUzRSUwQSUzQ2RpdiUyMHdpZHRoJTNEJTIyNTAlMjUlMjIlMjBzdHlsZSUzRCUyMmZsZXglM0ElMjAxJTNCJTIwcGFkZGluZyUzQSUyMDIwcHglMjIlM0UlMEElM0NwJTIwc3R5bGUlM0QlMjJmb250LXNpemUlM0ElMjAxMnB4JTNCJTIwY29sb3IlM0ElMjAlMjNCQkJCQkIlMjIlM0UlM0NiJTNFTk9STUVTJTIwRVQlMjBMQUJFTFMlM0MlMkZiJTNFJTNDJTJGcCUzRSUwQSUzQ3VsJTIwc3R5bGUlM0QlMjJsaXN0LXN0eWxlJTNBJTIwbm9uZSUzQiUyMiUzRSUwQSUzQ2xpJTNFJTNDYSUyMGhyZWYlM0QlMjJodHRwcyUzQSUyRiUyRnd3dy5kaW00LmNvbSUyRmluZGV4LnBocCUyRnBvbGl0aXF1ZS1yZXNwb25zYWJpbGl0ZS1zb2NpZXRhbGUtZXQtZGV2ZWxvcHBlbWVudC1kdXJhYmxlJTJGJTIyJTNFUlNFJTNDJTJGYSUzRSUzQyUyRmxpJTNFJTBBJTNDbGklM0UlM0NhJTIwaHJlZiUzRCUyMmh0dHBzJTNBJTJGJTJGd3d3LmRpbTQuY29tJTJGaW5kZXgucGhwJTJGZGltZW5zaW9uLTQtbWVkYWlsbGUtZC1hcmdlbnQtcGFyLWVjb3ZhZGlzJTJGJTIyJTNFRGltZW5zaW9uJTIwNCUyMG0lQzMlQTlkYWlsbCVDMyVBOSUyMGQlMjdhcmdlbnQlMjBFY29WYWRpcyUzQyUyRmElM0UlM0MlMkZsaSUzRSUwQSUzQyUyRnVsJTNFJTBBJTNDJTJGZGl2JTNFJTBBJTNDZGl2JTIwd2lkdGglM0QlMjI1MCUyNSUyMiUyMHN0eWxlJTNEJTIyZmxleCUzQSUyMDElM0IlMjBwYWRkaW5nJTNBJTIwMjBweCUyMiUzRSUwQSUzQ3AlMjBzdHlsZSUzRCUyMmZvbnQtc2l6ZSUzQSUyMDEycHglM0IlMjBjb2xvciUzQSUyMCUyM0JCQkJCQiUyMiUzRSUzQ2IlM0VDT05ESVRJT05TJTIwRCUyN1VUSUxJU0FUSU9OJTNDJTJGYiUzRSUzQyUyRnAlM0UlMEElM0N1bCUyMHN0eWxlJTNEJTIybGlzdC1zdHlsZSUzQSUyMG5vbmUlM0IlMjAlMjIlM0UlMEElM0NsaSUzRSUzQ2ElMjBocmVmJTNEJTIyaHR0cHMlM0ElMkYlMkZ3d3cuZGltNC5jb20lMkZpbmRleC5waHAlMkZtZW50aW9ucy1sZWdhbGVzJTJGJTIyJTNFTWVudGlvbnMlMjBsJUMzJUE5Z2FsZXMlMjBEaW1lbnNpb24lMjA0JTNDJTJGYSUzRSUzQyUyRmxpJTNFJTBBJTNDbGklM0UlM0NhJTIwaHJlZiUzRCUyMmh0dHBzJTNBJTJGJTJGd3d3LmRpbTQuY29tJTJGaW5kZXgucGhwJTJGZG9ubmVlcy1wZXJzb25uZWxsZXMlMkYlMjIlM0VEb25uJUMzJUE5ZXMlMjBwZXJzb25uZWxsZXMlM0MlMkZhJTNFJTNDJTJGbGklM0UlMEElM0MlMkZ1bCUzRSUwQSUzQyUyRmRpdiUzRSUwQSUzQyUyRmRpdiUzRQ==[\/vc_raw_html][\/vc_column][\/vc_row]<\/p>\n","protected":false},"excerpt":{"rendered":"<p>[vc_empty_space height=&nbsp;&raquo;64px&nbsp;&raquo;][vc_row equal_height=&nbsp;&raquo;yes&nbsp;&raquo; content_placement=&nbsp;&raquo;middle&nbsp;&raquo;][vc_column width=&nbsp;&raquo;1\/4&Prime;][vc_single_image image=&nbsp;&raquo;36694&Prime; img_size=&nbsp;&raquo;200&#215;200&Prime;][\/vc_column][vc_column width=&nbsp;&raquo;3\/4&Prime;][vc_column_text] DIMENSION 4 M\u00c9DAILL\u00c9 D\u2019ARGENT ECOVADIS [\/vc_column_text][\/vc_column][\/vc_row][vc_empty_space height=&nbsp;&raquo;64px&nbsp;&raquo;][vc_row][vc_column][vc_column_text]Dimension 4 poursuit ses efforts en mati\u00e8re de Responsabilit\u00e9 Soci\u00e9tale des Entreprises (RSE). Gr\u00e2ce \u00e0 toutes les actions men\u00e9es avec les \u00e9quipes de Dimension 4, l\u2019entreprise est fi\u00e8re d\u2019avoir obtenu cette m\u00e9daille d\u2019argent d\u2019EcoVadis r\u00e9compensant le travail accompli.[\/vc_column_text][\/vc_column][\/vc_row][vc_empty_space][vc_row][vc_column][vc_column_text]EcoVadis, organisme de notation des performances RSE, est une plateforme d\u2019\u00e9valuation. Elle \u00e9value la mani\u00e8re dont une entreprise a int\u00e9gr\u00e9 les principes de la RSE dans ses activit\u00e9s. Dimension 4 entend ancrer ses pratiques de mani\u00e8re durable en \u00e9tant reconnu comme un employeur et un partenaire responsable.[\/vc_column_text][\/vc_column][\/vc_row][vc_empty_space][vc_row][vc_column][vc_column_text]Pour en savoir plus sur EcoVadis :\u00a0https:\/\/ecovadis.com\/fr\/about-us\/[\/vc_column_text][\/vc_column][\/vc_row][vc_row][vc_column][vc_raw_html css=&nbsp;&raquo;.vc_custom_1708531956704{padding-top: 60px !important;}&nbsp;&raquo;]JTNDZGl2JTIwd2lkdGglM0QlMjIxMDAlMjUlMjIlMjBzdHlsZSUzRCUyMmJvcmRlci10b3AlM0ElMjAxcHglMjBzb2xpZCUyMCUyMzIyMjIyMiUzQiUyMGRpc3BsYXklM0ElMjBmbGV4JTNCJTIwZmxleC13cmFwJTNBJTIwd3JhcCUzQiUyMiUzRSUwQSUzQ2RpdiUyMHdpZHRoJTNEJTIyNTAlMjUlMjIlMjBzdHlsZSUzRCUyMmZsZXglM0ElMjAxJTNCJTIwcGFkZGluZyUzQSUyMDIwcHglMjIlM0UlMEElM0NwJTIwc3R5bGUlM0QlMjJmb250LXNpemUlM0ElMjAxMnB4JTNCJTIwY29sb3IlM0ElMjAlMjNCQkJCQkIlMjIlM0UlM0NiJTNFTk9STUVTJTIwRVQlMjBMQUJFTFMlM0MlMkZiJTNFJTNDJTJGcCUzRSUwQSUzQ3VsJTIwc3R5bGUlM0QlMjJsaXN0LXN0eWxlJTNBJTIwbm9uZSUzQiUyMiUzRSUwQSUzQ2xpJTNFJTNDYSUyMGhyZWYlM0QlMjJodHRwcyUzQSUyRiUyRnd3dy5kaW00LmNvbSUyRmluZGV4LnBocCUyRnBvbGl0aXF1ZS1yZXNwb25zYWJpbGl0ZS1zb2NpZXRhbGUtZXQtZGV2ZWxvcHBlbWVudC1kdXJhYmxlJTJGJTIyJTNFUlNFJTNDJTJGYSUzRSUzQyUyRmxpJTNFJTBBJTNDbGklM0UlM0NhJTIwaHJlZiUzRCUyMmh0dHBzJTNBJTJGJTJGd3d3LmRpbTQuY29tJTJGaW5kZXgucGhwJTJGZGltZW5zaW9uLTQtbWVkYWlsbGUtZC1hcmdlbnQtcGFyLWVjb3ZhZGlzJTJGJTIyJTNFRGltZW5zaW9uJTIwNCUyMG0lQzMlQTlkYWlsbCVDMyVBOSUyMGQlMjdhcmdlbnQlMjBFY29WYWRpcyUzQyUyRmElM0UlM0MlMkZsaSUzRSUwQSUzQyUyRnVsJTNFJTBBJTNDJTJGZGl2JTNFJTBBJTNDZGl2JTIwd2lkdGglM0QlMjI1MCUyNSUyMiUyMHN0eWxlJTNEJTIyZmxleCUzQSUyMDElM0IlMjBwYWRkaW5nJTNBJTIwMjBweCUyMiUzRSUwQSUzQ3AlMjBzdHlsZSUzRCUyMmZvbnQtc2l6ZSUzQSUyMDEycHglM0IlMjBjb2xvciUzQSUyMCUyM0JCQkJCQiUyMiUzRSUzQ2IlM0VDT05ESVRJT05TJTIwRCUyN1VUSUxJU0FUSU9OJTNDJTJGYiUzRSUzQyUyRnAlM0UlMEElM0N1bCUyMHN0eWxlJTNEJTIybGlzdC1zdHlsZSUzQSUyMG5vbmUlM0IlMjAlMjIlM0UlMEElM0NsaSUzRSUzQ2ElMjBocmVmJTNEJTIyaHR0cHMlM0ElMkYlMkZ3d3cuZGltNC5jb20lMkZpbmRleC5waHAlMkZtZW50aW9ucy1sZWdhbGVzJTJGJTIyJTNFTWVudGlvbnMlMjBsJUMzJUE5Z2FsZXMlMjBEaW1lbnNpb24lMjA0JTNDJTJGYSUzRSUzQyUyRmxpJTNFJTBBJTNDbGklM0UlM0NhJTIwaHJlZiUzRCUyMmh0dHBzJTNBJTJGJTJGd3d3LmRpbTQuY29tJTJGaW5kZXgucGhwJTJGZG9ubmVlcy1wZXJzb25uZWxsZXMlMkYlMjIlM0VEb25uJUMzJUE5ZXMlMjBwZXJzb25uZWxsZXMlM0MlMkZhJTNFJTNDJTJGbGklM0UlMEElM0MlMkZ1bCUzRSUwQSUzQyUyRmRpdiUzRSUwQSUzQyUyRmRpdiUzRQ==[\/vc_raw_html][\/vc_column][\/vc_row]<\/p>\n","protected":false},"author":1,"featured_media":0,"parent":0,"menu_order":0,"comment_status":"closed","ping_status":"closed","template":"","meta":[],"_links":{"self":[{"href":"https:\/\/www.dim4.com\/index.php\/wp-json\/wp\/v2\/pages\/36663"}],"collection":[{"href":"https:\/\/www.dim4.com\/index.php\/wp-json\/wp\/v2\/pages"}],"about":[{"href":"https:\/\/www.dim4.com\/index.php\/wp-json\/wp\/v2\/types\/page"}],"author":[{"embeddable":true,"href":"https:\/\/www.dim4.com\/index.php\/wp-json\/wp\/v2\/users\/1"}],"replies":[{"embeddable":true,"href":"https:\/\/www.dim4.com\/index.php\/wp-json\/wp\/v2\/comments?post=36663"}],"version-history":[{"count":20,"href":"https:\/\/www.dim4.com\/index.php\/wp-json\/wp\/v2\/pages\/36663\/revisions"}],"predecessor-version":[{"id":36739,"href":"https:\/\/www.dim4.com\/index.php\/wp-json\/wp\/v2\/pages\/36663\/revisions\/36739"}],"wp:attachment":[{"href":"https:\/\/www.dim4.com\/index.php\/wp-json\/wp\/v2\/media?parent=36663"}],"curies":[{"name":"wp","href":"https:\/\/api.w.org\/{rel}","templated":true}]}}