{"id":36582,"date":"2020-02-19T10:56:57","date_gmt":"2020-02-19T10:56:57","guid":{"rendered":"http:\/\/www.dim4.com\/?page_id=36582"},"modified":"2024-02-21T15:51:34","modified_gmt":"2024-02-21T15:51:34","slug":"donnees-personnelles","status":"publish","type":"page","link":"https:\/\/www.dim4.com\/index.php\/donnees-personnelles\/","title":{"rendered":"Donn\u00e9es personnelles"},"content":{"rendered":"<p>[vc_row][vc_column][vc_row_inner][vc_column_inner][vc_empty_space height=&nbsp;&raquo;64px&nbsp;&raquo;][\/vc_column_inner][\/vc_row_inner][vc_column_text]<\/p>\n<h3 style=\"text-align: center;\">DONN\u00c9ES PERSONNELLES<\/h3>\n<p>[\/vc_column_text][vc_row_inner][vc_column_inner][vc_empty_space height=&nbsp;&raquo;64px&nbsp;&raquo;][\/vc_column_inner][\/vc_row_inner][\/vc_column][\/vc_row][vc_row][vc_column][vc_column_text]Dans le cadre du RGPD (R\u00e8glement G\u00e9n\u00e9ral pour la Protection des Donn\u00e9es), Dimension 4 s\u2019est inscrite dans une d\u00e9marche qualit\u00e9 afin d\u2019adopter des mesures organisationnelles et techniques appropri\u00e9es afin de se conformer au RGPD, assister et conseiller ses clients et traiter les donn\u00e9es \u00e0 caract\u00e8re personnel de ses clients sur la base de leurs instructions.<\/p>\n<p>Ainsi, en tant que sous-traitant, Dimension 4\u00a0s\u2019engage notamment \u00e0 :<\/p>\n<ul>\n<li>Prendre en compte les principes de protection des donn\u00e9es d\u00e8s la conception (\u00ab\u00a0privacy by design\u00a0\u00bb) et de protection des donn\u00e9es par d\u00e9faut (\u00ab\u00a0privacy by default\u00a0\u00bb). A titre d\u2019exemple, Dimension 4 pr\u00e9conise de limiter le recours au champ \u00ab\u00a0texte libre\u00a0\u00bb ou aux zones \u00ab\u00a0commentaires\u00a0\u00bb. Si sur instruction de son client, Dimension 4 devait param\u00e9trer un tel champ ou une telle zone, son client en tant que responsable du traitement devrait alors, notamment, informer les personnes concern\u00e9es, s\u2019assurer que les donn\u00e9es inscrites sont appropri\u00e9es et objectives, et accorder une attention plus particuli\u00e8re \u00e0 tout traitement des donn\u00e9es dites sensibles.<\/li>\n<li>Garantir la s\u00e9curit\u00e9 des donn\u00e9es trait\u00e9es. A titre d\u2019exemple, Dimension 4 s\u2019engage \u00e0 ce que ses salari\u00e9s soient soumis \u00e0 une obligation de confidentialit\u00e9 ainsi qu\u2019\u00e0 supprimer et\/ou d\u00e9truire les donn\u00e9es \u00e0 caract\u00e8re personnel confi\u00e9es par ses clients \u00e0 l\u2019issue de ses prestations (sauf obligation l\u00e9gale ou r\u00e8glementaire contraire)\u00a0;<\/li>\n<li>Ne pas op\u00e9rer de transfert de donn\u00e9es \u00e0 caract\u00e8re personnel hors de l\u2019Union Europ\u00e9enne dans un pays de destination consid\u00e9r\u00e9 par la Commission Europ\u00e9enne comme n\u2019assurant pas un niveau de protection suffisant. Si sur instruction du client, Dimension 4 devait proc\u00e9der \u00e0 un tel transfert, elle sera amen\u00e9e \u00e0 demander qu\u2019il lui soit justifi\u00e9 le dispositif de garantie auquel entend recourir le client c\u2019est-\u00e0-dire, \u00e0 titre d\u2019exemple, la signature d\u2019un contrat conforme aux clauses contractuelles types adopt\u00e9es par la Commission Europ\u00e9enne, ou l\u2019adoption de r\u00e8gles internes d\u2019entreprise contraignantes (\u00ab\u00a0Binding Corporate Rules\u00a0\u00bb ou \u00ab\u00a0BCR\u00a0\u00bb), ou tout autre dispositif de protection conforme \u00e0 la r\u00e9glementation en vigueur.<\/li>\n<\/ul>\n<p>Dimension 4 entend par ailleurs souligner ses orientations strat\u00e9giques en mati\u00e8re de traitement de donn\u00e9es \u00e0 caract\u00e8re personnel pour le compte de ses clients.<\/p>\n<p>Ainsi, sauf accord d\u00e9rogatoire particulier avec ses clients, Dimension 4 :<\/p>\n<ul>\n<li>Ne traite pas de donn\u00e9es \u00e0 caract\u00e8re personnel dites \u00ab\u00a0sensibles\u00a0\u00bb, comportant des risques discriminatoires \u00e0 l\u2019\u00e9gard des personnes physiques fond\u00e9es sur l\u2019origine raciale ou ethnique, les opinions politiques, la religion ou les convictions philosophiques, l\u2019appartenance syndicale, le statut g\u00e9n\u00e9tique ou l\u2019\u00e9tat de sant\u00e9, ou l\u2019orientation sexuelle\u00a0;<\/li>\n<li>Ne traite pas de donn\u00e9es relatives aux condamnations p\u00e9nales et aux infractions ou aux mesures de s\u00fbret\u00e9 connexes\u00a0;<\/li>\n<li>Ne traite pas de donn\u00e9es \u00e0 caract\u00e8re personnel relatives \u00e0 des personnes vuln\u00e9rables, en particulier les enfants.<\/li>\n<\/ul>\n<p>Dimension 4 vise \u00e0 garantir une conformit\u00e9 continue aux exigences nouvelles et \u00e9tendues \u00e9nonc\u00e9es dans le RGPD. Cette mise en conformit\u00e9 conduit ainsi Dimension 4 \u00e0 rappeler \u00e0 ses clients la n\u00e9cessit\u00e9 de d\u00e9terminer par contrat les obligations de chacune des parties dans le cadre d\u2019un traitement de donn\u00e9es \u00e0 caract\u00e8re personnel.<\/p>\n<p>Pour plus de pr\u00e9cisions, il vous est possible de contacter notre DPO \u00e0\u00a0<a href=\"mailto:rgpd@dim4.com\">rgpd@dim4.com<\/a>\u00a0ou au 01 34 75 80 80.[\/vc_column_text][\/vc_column][\/vc_row][vc_row][vc_column][vc_raw_html css=&nbsp;&raquo;.vc_custom_1708529213989{padding-top: 60px !important;}&nbsp;&raquo;]JTNDZGl2JTIwd2lkdGglM0QlMjIxMDAlMjUlMjIlMjBzdHlsZSUzRCUyMmJvcmRlci10b3AlM0ElMjAxcHglMjBzb2xpZCUyMCUyMzIyMjIyMiUzQiUyMGRpc3BsYXklM0ElMjBmbGV4JTNCJTIwZmxleC13cmFwJTNBJTIwd3JhcCUzQiUyMiUzRSUwQSUzQ2RpdiUyMHdpZHRoJTNEJTIyNTAlMjUlMjIlMjBzdHlsZSUzRCUyMmZsZXglM0ElMjAxJTNCJTIwcGFkZGluZyUzQSUyMDIwcHglMjIlM0UlMEElM0NwJTIwc3R5bGUlM0QlMjJmb250LXNpemUlM0ElMjAxMnB4JTNCJTIwY29sb3IlM0ElMjAlMjNCQkJCQkIlMjIlM0UlM0NiJTNFTk9STUVTJTIwRVQlMjBMQUJFTFMlM0MlMkZiJTNFJTNDJTJGcCUzRSUwQSUzQ3VsJTIwc3R5bGUlM0QlMjJsaXN0LXN0eWxlJTNBJTIwbm9uZSUzQiUyMiUzRSUwQSUzQ2xpJTNFJTNDYSUyMGhyZWYlM0QlMjJodHRwcyUzQSUyRiUyRnd3dy5kaW00LmNvbSUyRmluZGV4LnBocCUyRnBvbGl0aXF1ZS1yZXNwb25zYWJpbGl0ZS1zb2NpZXRhbGUtZXQtZGV2ZWxvcHBlbWVudC1kdXJhYmxlJTJGJTIyJTNFUlNFJTNDJTJGYSUzRSUzQyUyRmxpJTNFJTBBJTNDbGklM0UlM0NhJTIwaHJlZiUzRCUyMmh0dHBzJTNBJTJGJTJGd3d3LmRpbTQuY29tJTJGaW5kZXgucGhwJTJGZGltZW5zaW9uLTQtbWVkYWlsbGUtZC1hcmdlbnQtcGFyLWVjb3ZhZGlzJTJGJTIyJTNFRGltZW5zaW9uJTIwNCUyMG0lQzMlQTlkYWlsbCVDMyVBOSUyMGQlMjdhcmdlbnQlMjBFY29WYWRpcyUzQyUyRmElM0UlM0MlMkZsaSUzRSUwQSUzQyUyRnVsJTNFJTBBJTNDJTJGZGl2JTNFJTBBJTNDZGl2JTIwd2lkdGglM0QlMjI1MCUyNSUyMiUyMHN0eWxlJTNEJTIyZmxleCUzQSUyMDElM0IlMjBwYWRkaW5nJTNBJTIwMjBweCUyMiUzRSUwQSUzQ3AlMjBzdHlsZSUzRCUyMmZvbnQtc2l6ZSUzQSUyMDEycHglM0IlMjBjb2xvciUzQSUyMCUyM0JCQkJCQiUyMiUzRSUzQ2IlM0VDT05ESVRJT05TJTIwRCUyN1VUSUxJU0FUSU9OJTNDJTJGYiUzRSUzQyUyRnAlM0UlMEElM0N1bCUyMHN0eWxlJTNEJTIybGlzdC1zdHlsZSUzQSUyMG5vbmUlM0IlMjAlMjIlM0UlMEElM0NsaSUzRSUzQ2ElMjBocmVmJTNEJTIyaHR0cHMlM0ElMkYlMkZ3d3cuZGltNC5jb20lMkZpbmRleC5waHAlMkZtZW50aW9ucy1sZWdhbGVzJTJGJTIyJTNFTWVudGlvbnMlMjBsJUMzJUE5Z2FsZXMlMjBEaW1lbnNpb24lMjA0JTNDJTJGYSUzRSUzQyUyRmxpJTNFJTBBJTNDbGklM0UlM0NhJTIwaHJlZiUzRCUyMmh0dHBzJTNBJTJGJTJGd3d3LmRpbTQuY29tJTJGaW5kZXgucGhwJTJGZG9ubmVlcy1wZXJzb25uZWxsZXMlMkYlMjIlM0VEb25uJUMzJUE5ZXMlMjBwZXJzb25uZWxsZXMlM0MlMkZhJTNFJTNDJTJGbGklM0UlMEElM0MlMkZ1bCUzRSUwQSUzQyUyRmRpdiUzRSUwQSUzQyUyRmRpdiUzRQ==[\/vc_raw_html][\/vc_column][\/vc_row]<\/p>\n","protected":false},"excerpt":{"rendered":"<p>[vc_row][vc_column][vc_row_inner][vc_column_inner][vc_empty_space height=&nbsp;&raquo;64px&nbsp;&raquo;][\/vc_column_inner][\/vc_row_inner][vc_column_text] DONN\u00c9ES PERSONNELLES [\/vc_column_text][vc_row_inner][vc_column_inner][vc_empty_space height=&nbsp;&raquo;64px&nbsp;&raquo;][\/vc_column_inner][\/vc_row_inner][\/vc_column][\/vc_row][vc_row][vc_column][vc_column_text]Dans le cadre du RGPD (R\u00e8glement G\u00e9n\u00e9ral pour la Protection des Donn\u00e9es), Dimension 4 s\u2019est inscrite dans une d\u00e9marche qualit\u00e9 afin d\u2019adopter des mesures organisationnelles et techniques appropri\u00e9es afin de se conformer au RGPD, assister et conseiller ses clients et traiter les donn\u00e9es \u00e0 caract\u00e8re personnel de ses clients sur la base de leurs instructions. Ainsi, en tant que sous-traitant, Dimension 4\u00a0s\u2019engage notamment \u00e0 : Prendre en compte les principes de protection des donn\u00e9es d\u00e8s la conception (\u00ab\u00a0privacy by design\u00a0\u00bb) et de protection des donn\u00e9es par d\u00e9faut (\u00ab\u00a0privacy by default\u00a0\u00bb). A titre d\u2019exemple, Dimension 4 pr\u00e9conise de limiter le recours au champ \u00ab\u00a0texte libre\u00a0\u00bb ou aux zones \u00ab\u00a0commentaires\u00a0\u00bb. Si sur instruction de son client, Dimension 4 devait param\u00e9trer un tel champ ou une telle zone, son client en tant que responsable du traitement devrait alors, notamment, informer les personnes concern\u00e9es, s\u2019assurer que les donn\u00e9es inscrites&hellip;<\/p>\n<p> <a class=\"more-link\" href=\"https:\/\/www.dim4.com\/index.php\/donnees-personnelles\/\">Lire la suite<\/a><\/p>\n","protected":false},"author":1,"featured_media":0,"parent":0,"menu_order":0,"comment_status":"closed","ping_status":"closed","template":"","meta":[],"_links":{"self":[{"href":"https:\/\/www.dim4.com\/index.php\/wp-json\/wp\/v2\/pages\/36582"}],"collection":[{"href":"https:\/\/www.dim4.com\/index.php\/wp-json\/wp\/v2\/pages"}],"about":[{"href":"https:\/\/www.dim4.com\/index.php\/wp-json\/wp\/v2\/types\/page"}],"author":[{"embeddable":true,"href":"https:\/\/www.dim4.com\/index.php\/wp-json\/wp\/v2\/users\/1"}],"replies":[{"embeddable":true,"href":"https:\/\/www.dim4.com\/index.php\/wp-json\/wp\/v2\/comments?post=36582"}],"version-history":[{"count":4,"href":"https:\/\/www.dim4.com\/index.php\/wp-json\/wp\/v2\/pages\/36582\/revisions"}],"predecessor-version":[{"id":36732,"href":"https:\/\/www.dim4.com\/index.php\/wp-json\/wp\/v2\/pages\/36582\/revisions\/36732"}],"wp:attachment":[{"href":"https:\/\/www.dim4.com\/index.php\/wp-json\/wp\/v2\/media?parent=36582"}],"curies":[{"name":"wp","href":"https:\/\/api.w.org\/{rel}","templated":true}]}}