{"id":36458,"date":"2020-02-19T09:40:16","date_gmt":"2020-02-19T09:40:16","guid":{"rendered":"http:\/\/www.dim4.com\/?page_id=36458"},"modified":"2024-02-21T16:05:45","modified_gmt":"2024-02-21T16:05:45","slug":"nos-expertises","status":"publish","type":"page","link":"https:\/\/www.dim4.com\/index.php\/nos-expertises\/","title":{"rendered":"Nos expertises"},"content":{"rendered":"<p>[vc_row][vc_column][vc_empty_space height=&nbsp;&raquo;64px&nbsp;&raquo;][\/vc_column][\/vc_row][vc_row][vc_column][vc_column_text alignment=&nbsp;&raquo;center&nbsp;&raquo;]<\/p>\n<h3 style=\"text-align: center;\"><strong>4 M\u00c9TIERS CENTR\u00c9S SUR LA DATA<\/strong><\/h3>\n<p>[\/vc_column_text][\/vc_column][\/vc_row][vc_row][vc_column][vc_empty_space][\/vc_column][\/vc_row][vc_row][vc_column][\/vc_column][\/vc_row][vc_row][vc_column][vc_column_text]<\/p>\n<p style=\"text-align: center;\">De la mise \u00e0 disposition de cette donn\u00e9e en virtuel ou en r\u00e9el, \u00e0 l\u2019analyse indispensable et pr\u00e9alable au conseil CRM, nous nous effor\u00e7ons chaque jour de vous garantir une qualit\u00e9 irr\u00e9prochable sur l\u2019ensemble de vos BDD ou de vos fichiers.<\/p>\n<p>[\/vc_column_text][\/vc_column][\/vc_row][vc_row][vc_column][vc_empty_space height=&nbsp;&raquo;64px&nbsp;&raquo;][\/vc_column][\/vc_row][vc_row][vc_column offset=&nbsp;&raquo;vc_hidden-xs&nbsp;&raquo;][vc_separator color=&nbsp;&raquo;custom&nbsp;&raquo; el_width=&nbsp;&raquo;80&Prime; accent_color=&nbsp;&raquo;#007db3&Prime;][\/vc_column][\/vc_row][vc_row][vc_column offset=&nbsp;&raquo;vc_hidden-xs&nbsp;&raquo;][vc_empty_space height=&nbsp;&raquo;64px&nbsp;&raquo;][\/vc_column][\/vc_row][vc_row][vc_column width=&nbsp;&raquo;1\/2&Prime; css=&nbsp;&raquo;.vc_custom_1582034701545{border-right-width: 15px !important;border-left-width: 30px !important;background-color: #444444 !important;border-left-color: #0c0c0c !important;border-left-style: solid !important;border-right-color: #0c0c0c !important;border-right-style: solid !important;border-radius: 5px !important;}&nbsp;&raquo;][vc_raw_html css=&nbsp;&raquo;.vc_custom_1582106824178{background-color: #007db3 !important;}&nbsp;&raquo;]JTNDZGl2JTIwY2xhc3MlM0QlMjJjb250ZW5ldXJfdGl0cmVfc2Vydml2ZXMtcGljdG8lMjIlM0UlMEElMDklMDklM0NkaXYlM0UlMEElMDklMDklMDklM0NpbWclMjBzcmMlM0QlMjJodHRwJTNBJTJGJTJGd3d3LmRpbTQuY29tJTJGd3AtY29udGVudCUyRnVwbG9hZHMlMkYyMDIwJTJGMDIlMkZwdXp6bGUucG5nJTIyJTIwd2lkdGglM0QlMjI0MiUyMiUyMHN0eWxlJTNEJTIyd2lkdGglM0ElMjA0MnB4JTIyJTNFJTBBJTA5JTA5JTNDJTJGZGl2JTNFJTBBJTA5JTA5JTNDZGl2JTIwY2xhc3MlM0QlMjJ0aXRyZV9zZXJ2aWNlcyUyMiUzRSUwQSUwOSUwOSUwOURBVEElMjBSRUxBVElPTiUwQSUwOSUwOSUzQyUyRmRpdiUzRSUwQSUwOSUzQyUyRmRpdiUzRQ==[\/vc_raw_html][vc_single_image image=&nbsp;&raquo;36472&Prime; img_size=&nbsp;&raquo;full&nbsp;&raquo; alignment=&nbsp;&raquo;center&nbsp;&raquo;][vc_empty_space height=&nbsp;&raquo;16px&nbsp;&raquo;][vc_column_text css=&nbsp;&raquo;.vc_custom_1708531489785{padding-right: 30px !important;padding-left: 30px !important;}&nbsp;&raquo;]<\/p>\n<p style=\"text-align: center;\"><span class=\"sous-titre_services\">Mettre en place une <strong>relation p\u00e9renne<\/strong> entre une marque et ses clients<\/span><\/p>\n<p>[\/vc_column_text][vc_empty_space][vc_column_text el_class=&nbsp;&raquo;liste_services&nbsp;&raquo; css=&nbsp;&raquo;.vc_custom_1581952175137{padding-left: 10% !important;}&nbsp;&raquo;]<\/p>\n<ul>\n<li style=\"text-align: left;\">Marketing Automation<\/li>\n<li style=\"text-align: left;\">Plateformes relationnelles<\/li>\n<li style=\"text-align: left;\">Programmes CRM<\/li>\n<\/ul>\n<p>[\/vc_column_text][vc_empty_space][\/vc_column][vc_column width=&nbsp;&raquo;1\/2&Prime; css=&nbsp;&raquo;.vc_custom_1582034706248{border-right-width: 30px !important;border-left-width: 15px !important;background-color: #444444 !important;border-left-color: #0c0c0c !important;border-left-style: solid !important;border-right-color: #0c0c0c !important;border-right-style: solid !important;border-radius: 5px !important;}&nbsp;&raquo;][vc_raw_html css=&nbsp;&raquo;.vc_custom_1582106859195{background-color: #007db3 !important;}&nbsp;&raquo;]JTNDZGl2JTIwY2xhc3MlM0QlMjJjb250ZW5ldXJfdGl0cmVfc2Vydml2ZXMtcGljdG8lMjIlM0UlMEElMDklMDklM0NkaXYlM0UlMEElMDklMDklMDklM0NpbWclMjBzcmMlM0QlMjJodHRwJTNBJTJGJTJGd3d3LmRpbTQuY29tJTJGd3AtY29udGVudCUyRnVwbG9hZHMlMkYyMDIwJTJGMDIlMkZsaWdodGJ1bGIucG5nJTIyJTIwd2lkdGglM0QlMjI0MiUyMiUyMHN0eWxlJTNEJTIyd2lkdGglM0ElMjA0MnB4JTIyJTNFJTBBJTA5JTA5JTNDJTJGZGl2JTNFJTBBJTA5JTA5JTNDZGl2JTIwY2xhc3MlM0QlMjJ0aXRyZV9zZXJ2aWNlcyUyMiUzRSUwQSUwOSUwOSUwOVNNQVJUJTIwREFUQSUwQSUwOSUwOSUzQyUyRmRpdiUzRSUwQSUwOSUzQyUyRmRpdiUzRQ==[\/vc_raw_html][vc_single_image image=&nbsp;&raquo;36473&Prime; img_size=&nbsp;&raquo;full&nbsp;&raquo; alignment=&nbsp;&raquo;center&nbsp;&raquo;][vc_empty_space height=&nbsp;&raquo;16px&nbsp;&raquo;][vc_column_text el_class=&nbsp;&raquo;sous-titre_services&nbsp;&raquo;]<\/p>\n<p style=\"text-align: center;\"><span class=\"sous-titre_services\">Comprendre ses cibles\u00a0<br class=\"rwd-break\" \/>pour\u00a0<strong><span style=\"color: #ffffff;\">mieux communiquer<\/span><\/strong>\u00a0avec elles<\/span><\/p>\n<p>[\/vc_column_text][vc_empty_space][vc_column_text css=&nbsp;&raquo;.vc_custom_1581952168713{padding-left: 10% !important;}&nbsp;&raquo; el_class=&nbsp;&raquo;liste_services&nbsp;&raquo;]<\/p>\n<ul>\n<li style=\"text-align: left;\">Datamanagement<\/li>\n<li style=\"text-align: left;\">Conseil en strat\u00e9gie de communication<\/li>\n<li style=\"text-align: left;\">Pression Marketing<\/li>\n<\/ul>\n<p>[\/vc_column_text][vc_empty_space][\/vc_column][\/vc_row][vc_row][vc_column][vc_empty_space height=&nbsp;&raquo;16px&nbsp;&raquo;][\/vc_column][\/vc_row][vc_row][vc_column][vc_empty_space height=&nbsp;&raquo;15px&nbsp;&raquo;][\/vc_column][\/vc_row][vc_row][vc_column width=&nbsp;&raquo;1\/2&Prime; css=&nbsp;&raquo;.vc_custom_1582034712185{border-right-width: 15px !important;border-left-width: 30px !important;background-color: #444444 !important;border-left-color: #0c0c0c !important;border-left-style: solid !important;border-right-color: #0c0c0c !important;border-right-style: solid !important;border-radius: 5px !important;}&nbsp;&raquo;][vc_raw_html css=&nbsp;&raquo;.vc_custom_1582106844307{background-color: #007db3 !important;}&nbsp;&raquo;]JTNDZGl2JTIwY2xhc3MlM0QlMjJjb250ZW5ldXJfdGl0cmVfc2Vydml2ZXMtcGljdG8lMjIlM0UlMEElMDklMDklM0NkaXYlM0UlMEElMDklMDklMDklM0NpbWclMjBzcmMlM0QlMjJodHRwJTNBJTJGJTJGd3d3LmRpbTQuY29tJTJGd3AtY29udGVudCUyRnVwbG9hZHMlMkYyMDIwJTJGMDIlMkZzZWFyY2gucG5nJTIyJTIwd2lkdGglM0QlMjI0MiUyMiUyMHN0eWxlJTNEJTIyd2lkdGglM0ElMjA0MnB4JTIyJTNFJTBBJTA5JTA5JTNDJTJGZGl2JTNFJTBBJTA5JTA5JTNDZGl2JTIwY2xhc3MlM0QlMjJ0aXRyZV9zZXJ2aWNlcyUyMiUzRSUwQSUwOSUwOSUwOURBVEElMjBRVUFMSVRZJTBBJTA5JTA5JTNDJTJGZGl2JTNFJTBBJTA5JTNDJTJGZGl2JTNF[\/vc_raw_html][vc_single_image image=&nbsp;&raquo;36471&Prime; img_size=&nbsp;&raquo;full&nbsp;&raquo; alignment=&nbsp;&raquo;center&nbsp;&raquo;][vc_empty_space height=&nbsp;&raquo;16px&nbsp;&raquo;][vc_column_text el_class=&nbsp;&raquo;sous-titre_services&nbsp;&raquo;]<\/p>\n<p style=\"text-align: center;\"><span class=\"sous-titre_services\">Garantir un\u00a0<strong>client unique<\/strong>\u00a0dans les BDD<\/span><\/p>\n<p style=\"text-align: center;\"><span class=\"sous-titre_services\">avec des\u00a0<strong>donn\u00e9es qualifi\u00e9es<\/strong>\u00a0rattach\u00e9es<br \/>\n<\/span><\/p>\n<p>[\/vc_column_text][vc_empty_space][vc_column_text css=&nbsp;&raquo;.vc_custom_1581952154296{padding-left: 10% !important;}&nbsp;&raquo; el_class=&nbsp;&raquo;liste_services&nbsp;&raquo;]<\/p>\n<ul>\n<li>RNVP \u2013 Norm\u2019email<\/li>\n<li>Compliance et Compl\u00e9tude<\/li>\n<li>Reconnaissance Documentaire<\/li>\n<\/ul>\n<p>[\/vc_column_text][vc_empty_space][\/vc_column][vc_column width=&nbsp;&raquo;1\/2&Prime; css=&nbsp;&raquo;.vc_custom_1582034717232{border-right-width: 30px !important;border-left-width: 15px !important;background-color: #444444 !important;border-left-color: #0c0c0c !important;border-left-style: solid !important;border-right-color: #0c0c0c !important;border-right-style: solid !important;border-radius: 5px !important;}&nbsp;&raquo;][vc_raw_html css=&nbsp;&raquo;.vc_custom_1582106870699{background-color: #007db3 !important;}&nbsp;&raquo;]JTNDZGl2JTIwY2xhc3MlM0QlMjJjb250ZW5ldXJfdGl0cmVfc2Vydml2ZXMtcGljdG8lMjIlM0UlMEElMDklMDklM0NkaXYlM0UlMEElMDklMDklMDklM0NpbWclMjBzcmMlM0QlMjJodHRwJTNBJTJGJTJGd3d3LmRpbTQuY29tJTJGd3AtY29udGVudCUyRnVwbG9hZHMlMkYyMDIwJTJGMDIlMkZwcmludC5wbmclMjIlMjB3aWR0aCUzRCUyMjQyJTIyJTIwc3R5bGUlM0QlMjJ3aWR0aCUzQSUyMDQycHglMjIlM0UlMEElMDklMDklM0MlMkZkaXYlM0UlMEElMDklMDklM0NkaXYlMjBjbGFzcyUzRCUyMnRpdHJlX3NlcnZpY2VzJTIyJTNFJTBBJTA5JTA5JTA5REFUQSUyMFBST0RVQ1RJT04lMEElMDklMDklM0MlMkZkaXYlM0UlMEElMDklM0MlMkZkaXYlM0U=[\/vc_raw_html][vc_single_image image=&nbsp;&raquo;36470&Prime; img_size=&nbsp;&raquo;full&nbsp;&raquo; alignment=&nbsp;&raquo;center&nbsp;&raquo;][vc_empty_space height=&nbsp;&raquo;16px&nbsp;&raquo;][vc_column_text el_class=&nbsp;&raquo;sous-titre_services&nbsp;&raquo;]<\/p>\n<p style=\"text-align: center;\"><span class=\"sous-titre_services\">Communiquer en utilisant le\u00a0<strong>m\u00e9dia appropri\u00e9<\/strong>\u00a0pour que le destinataire se reconnaisse dans la communication<\/span><\/p>\n<p>[\/vc_column_text][vc_empty_space][vc_column_text css=&nbsp;&raquo;.vc_custom_1581952162081{padding-left: 10% !important;}&nbsp;&raquo; el_class=&nbsp;&raquo;liste_services&nbsp;&raquo;]<\/p>\n<ul>\n<li>Print et routage Full Variable<\/li>\n<li>Int\u00e9gration emailing<\/li>\n<li>Routage SMS<\/li>\n<\/ul>\n<p>[\/vc_column_text][vc_empty_space][\/vc_column][\/vc_row][vc_row full_width=&nbsp;&raquo;stretch_row&nbsp;&raquo;][vc_column width=&nbsp;&raquo;1\/4&Prime; offset=&nbsp;&raquo;vc_col-xs-6&Prime;][vc_pie value=&nbsp;&raquo;12&Prime; label_value=&nbsp;&raquo;12&Prime; color=&nbsp;&raquo;custom&nbsp;&raquo; custom_color=&nbsp;&raquo;#0c0c0c&nbsp;&raquo; title=&nbsp;&raquo;Informaticiens&nbsp;&raquo;][\/vc_column][vc_column width=&nbsp;&raquo;1\/4&Prime; offset=&nbsp;&raquo;vc_col-xs-6&Prime;][vc_pie value=&nbsp;&raquo;15&Prime; label_value=&nbsp;&raquo;15&Prime; color=&nbsp;&raquo;custom&nbsp;&raquo; title=&nbsp;&raquo;Chefs de projet&nbsp;&raquo; custom_color=&nbsp;&raquo;#0c0c0c&nbsp;&raquo;][\/vc_column][vc_column width=&nbsp;&raquo;1\/4&Prime; offset=&nbsp;&raquo;vc_col-xs-6&Prime;][vc_pie value=&nbsp;&raquo;1&Prime; label_value=&nbsp;&raquo;1&Prime; color=&nbsp;&raquo;custom&nbsp;&raquo; title=&nbsp;&raquo;\u00e9quipe logistique&nbsp;&raquo; custom_color=&nbsp;&raquo;#0c0c0c&nbsp;&raquo;][\/vc_column][vc_column width=&nbsp;&raquo;1\/4&Prime; offset=&nbsp;&raquo;vc_col-xs-6&Prime;][vc_pie label_value=&nbsp;&raquo;3000&Prime; color=&nbsp;&raquo;custom&nbsp;&raquo; title=&nbsp;&raquo;m\u00b2 de stockage&nbsp;&raquo; custom_color=&nbsp;&raquo;#0c0c0c&nbsp;&raquo;][\/vc_column][vc_column][vc_empty_space][vc_column_text]<\/p>\n<p style=\"text-align: center;\">\u00e0 votre service pour vous accompagner dans la r\u00e9ussite de vos op\u00e9rations.<\/p>\n<p>[\/vc_column_text][\/vc_column][\/vc_row][vc_row][vc_column][vc_raw_html css=&nbsp;&raquo;.vc_custom_1708525625567{margin-top: 40px !important;}&nbsp;&raquo;]JTNDZGl2JTIwd2lkdGglM0QlMjIxMDAlMjUlMjIlMjBzdHlsZSUzRCUyMmJvcmRlci10b3AlM0ElMjAxcHglMjBzb2xpZCUyMCUyMzIyMjIyMiUzQiUyMGRpc3BsYXklM0ElMjBmbGV4JTNCJTIwZmxleC13cmFwJTNBJTIwd3JhcCUzQiUyMiUzRSUwQSUzQ2RpdiUyMHdpZHRoJTNEJTIyNTAlMjUlMjIlMjBzdHlsZSUzRCUyMmZsZXglM0ElMjAxJTNCJTIwcGFkZGluZyUzQSUyMDIwcHglMjIlM0UlMEElM0NwJTIwc3R5bGUlM0QlMjJmb250LXNpemUlM0ElMjAxMnB4JTNCJTIwY29sb3IlM0ElMjAlMjNCQkJCQkIlMjIlM0UlM0NiJTNFTk9STUVTJTIwRVQlMjBMQUJFTFMlM0MlMkZiJTNFJTNDJTJGcCUzRSUwQSUzQ3VsJTIwc3R5bGUlM0QlMjJsaXN0LXN0eWxlJTNBJTIwbm9uZSUzQiUyMiUzRSUwQSUzQ2xpJTNFJTNDYSUyMGhyZWYlM0QlMjJodHRwcyUzQSUyRiUyRnd3dy5kaW00LmNvbSUyRmluZGV4LnBocCUyRnBvbGl0aXF1ZS1yZXNwb25zYWJpbGl0ZS1zb2NpZXRhbGUtZXQtZGV2ZWxvcHBlbWVudC1kdXJhYmxlJTJGJTIyJTNFUlNFJTNDJTJGYSUzRSUzQyUyRmxpJTNFJTBBJTNDbGklM0UlM0NhJTIwaHJlZiUzRCUyMmh0dHBzJTNBJTJGJTJGd3d3LmRpbTQuY29tJTJGaW5kZXgucGhwJTJGZGltZW5zaW9uLTQtbWVkYWlsbGUtZC1hcmdlbnQtcGFyLWVjb3ZhZGlzJTJGJTIyJTNFRGltZW5zaW9uJTIwNCUyMG0lQzMlQTlkYWlsbCVDMyVBOSUyMGQlMjdhcmdlbnQlMjBFY29WYWRpcyUzQyUyRmElM0UlM0MlMkZsaSUzRSUwQSUzQyUyRnVsJTNFJTBBJTNDJTJGZGl2JTNFJTBBJTNDZGl2JTIwd2lkdGglM0QlMjI1MCUyNSUyMiUyMHN0eWxlJTNEJTIyZmxleCUzQSUyMDElM0IlMjBwYWRkaW5nJTNBJTIwMjBweCUyMiUzRSUwQSUzQ3AlMjBzdHlsZSUzRCUyMmZvbnQtc2l6ZSUzQSUyMDEycHglM0IlMjBjb2xvciUzQSUyMCUyM0JCQkJCQiUyMiUzRSUzQ2IlM0VDT05ESVRJT05TJTIwRCUyN1VUSUxJU0FUSU9OJTNDJTJGYiUzRSUzQyUyRnAlM0UlMEElM0N1bCUyMHN0eWxlJTNEJTIybGlzdC1zdHlsZSUzQSUyMG5vbmUlM0IlMjAlMjIlM0UlMEElM0NsaSUzRSUzQ2ElMjBocmVmJTNEJTIyaHR0cHMlM0ElMkYlMkZ3d3cuZGltNC5jb20lMkZpbmRleC5waHAlMkZtZW50aW9ucy1sZWdhbGVzJTJGJTIyJTNFTWVudGlvbnMlMjBsJUMzJUE5Z2FsZXMlMjBEaW1lbnNpb24lMjA0JTNDJTJGYSUzRSUzQyUyRmxpJTNFJTBBJTNDbGklM0UlM0NhJTIwaHJlZiUzRCUyMmh0dHBzJTNBJTJGJTJGd3d3LmRpbTQuY29tJTJGaW5kZXgucGhwJTJGZG9ubmVlcy1wZXJzb25uZWxsZXMlMkYlMjIlM0VEb25uJUMzJUE5ZXMlMjBwZXJzb25uZWxsZXMlM0MlMkZhJTNFJTNDJTJGbGklM0UlMEElM0MlMkZ1bCUzRSUwQSUzQyUyRmRpdiUzRSUwQSUzQyUyRmRpdiUzRQ==[\/vc_raw_html][\/vc_column][\/vc_row]<\/p>\n","protected":false},"excerpt":{"rendered":"<p>[vc_row][vc_column][vc_empty_space height=&nbsp;&raquo;64px&nbsp;&raquo;][\/vc_column][\/vc_row][vc_row][vc_column][vc_column_text alignment=&nbsp;&raquo;center&nbsp;&raquo;] 4 M\u00c9TIERS CENTR\u00c9S SUR LA DATA [\/vc_column_text][\/vc_column][\/vc_row][vc_row][vc_column][vc_empty_space][\/vc_column][\/vc_row][vc_row][vc_column][\/vc_column][\/vc_row][vc_row][vc_column][vc_column_text] De la mise \u00e0 disposition de cette donn\u00e9e en virtuel ou en r\u00e9el, \u00e0 l\u2019analyse indispensable et pr\u00e9alable au conseil CRM, nous nous effor\u00e7ons chaque jour de vous garantir une qualit\u00e9 irr\u00e9prochable sur l\u2019ensemble de vos BDD ou de vos fichiers. [\/vc_column_text][\/vc_column][\/vc_row][vc_row][vc_column][vc_empty_space height=&nbsp;&raquo;64px&nbsp;&raquo;][\/vc_column][\/vc_row][vc_row][vc_column offset=&nbsp;&raquo;vc_hidden-xs&nbsp;&raquo;][vc_separator color=&nbsp;&raquo;custom&nbsp;&raquo; el_width=&nbsp;&raquo;80&Prime; accent_color=&nbsp;&raquo;#007db3&Prime;][\/vc_column][\/vc_row][vc_row][vc_column offset=&nbsp;&raquo;vc_hidden-xs&nbsp;&raquo;][vc_empty_space height=&nbsp;&raquo;64px&nbsp;&raquo;][\/vc_column][\/vc_row][vc_row][vc_column width=&nbsp;&raquo;1\/2&Prime; css=&nbsp;&raquo;.vc_custom_1582034701545{border-right-width: 15px !important;border-left-width: 30px !important;background-color: #444444 !important;border-left-color: #0c0c0c !important;border-left-style: solid !important;border-right-color: #0c0c0c !important;border-right-style: solid !important;border-radius: 5px !important;}&nbsp;&raquo;][vc_raw_html css=&nbsp;&raquo;.vc_custom_1582106824178{background-color: #007db3 !important;}&nbsp;&raquo;]JTNDZGl2JTIwY2xhc3MlM0QlMjJjb250ZW5ldXJfdGl0cmVfc2Vydml2ZXMtcGljdG8lMjIlM0UlMEElMDklMDklM0NkaXYlM0UlMEElMDklMDklMDklM0NpbWclMjBzcmMlM0QlMjJodHRwJTNBJTJGJTJGd3d3LmRpbTQuY29tJTJGd3AtY29udGVudCUyRnVwbG9hZHMlMkYyMDIwJTJGMDIlMkZwdXp6bGUucG5nJTIyJTIwd2lkdGglM0QlMjI0MiUyMiUyMHN0eWxlJTNEJTIyd2lkdGglM0ElMjA0MnB4JTIyJTNFJTBBJTA5JTA5JTNDJTJGZGl2JTNFJTBBJTA5JTA5JTNDZGl2JTIwY2xhc3MlM0QlMjJ0aXRyZV9zZXJ2aWNlcyUyMiUzRSUwQSUwOSUwOSUwOURBVEElMjBSRUxBVElPTiUwQSUwOSUwOSUzQyUyRmRpdiUzRSUwQSUwOSUzQyUyRmRpdiUzRQ==[\/vc_raw_html][vc_single_image image=&nbsp;&raquo;36472&Prime; img_size=&nbsp;&raquo;full&nbsp;&raquo; alignment=&nbsp;&raquo;center&nbsp;&raquo;][vc_empty_space height=&nbsp;&raquo;16px&nbsp;&raquo;][vc_column_text css=&nbsp;&raquo;.vc_custom_1708531489785{padding-right: 30px !important;padding-left: 30px !important;}&nbsp;&raquo;] Mettre en place une relation p\u00e9renne entre une marque et ses clients [\/vc_column_text][vc_empty_space][vc_column_text el_class=&nbsp;&raquo;liste_services&nbsp;&raquo; css=&nbsp;&raquo;.vc_custom_1581952175137{padding-left: 10% !important;}&nbsp;&raquo;] Marketing Automation Plateformes relationnelles Programmes CRM [\/vc_column_text][vc_empty_space][\/vc_column][vc_column width=&nbsp;&raquo;1\/2&Prime; css=&nbsp;&raquo;.vc_custom_1582034706248{border-right-width: 30px !important;border-left-width: 15px !important;background-color: #444444 !important;border-left-color: #0c0c0c !important;border-left-style: solid !important;border-right-color: #0c0c0c !important;border-right-style: solid !important;border-radius: 5px !important;}&nbsp;&raquo;][vc_raw_html css=&nbsp;&raquo;.vc_custom_1582106859195{background-color: #007db3 !important;}&nbsp;&raquo;]JTNDZGl2JTIwY2xhc3MlM0QlMjJjb250ZW5ldXJfdGl0cmVfc2Vydml2ZXMtcGljdG8lMjIlM0UlMEElMDklMDklM0NkaXYlM0UlMEElMDklMDklMDklM0NpbWclMjBzcmMlM0QlMjJodHRwJTNBJTJGJTJGd3d3LmRpbTQuY29tJTJGd3AtY29udGVudCUyRnVwbG9hZHMlMkYyMDIwJTJGMDIlMkZsaWdodGJ1bGIucG5nJTIyJTIwd2lkdGglM0QlMjI0MiUyMiUyMHN0eWxlJTNEJTIyd2lkdGglM0ElMjA0MnB4JTIyJTNFJTBBJTA5JTA5JTNDJTJGZGl2JTNFJTBBJTA5JTA5JTNDZGl2JTIwY2xhc3MlM0QlMjJ0aXRyZV9zZXJ2aWNlcyUyMiUzRSUwQSUwOSUwOSUwOVNNQVJUJTIwREFUQSUwQSUwOSUwOSUzQyUyRmRpdiUzRSUwQSUwOSUzQyUyRmRpdiUzRQ==[\/vc_raw_html][vc_single_image image=&nbsp;&raquo;36473&Prime; img_size=&nbsp;&raquo;full&nbsp;&raquo; alignment=&nbsp;&raquo;center&nbsp;&raquo;][vc_empty_space height=&nbsp;&raquo;16px&nbsp;&raquo;][vc_column_text el_class=&nbsp;&raquo;sous-titre_services&nbsp;&raquo;] Comprendre ses cibles\u00a0pour\u00a0mieux communiquer\u00a0avec elles [\/vc_column_text][vc_empty_space][vc_column_text css=&nbsp;&raquo;.vc_custom_1581952168713{padding-left: 10% !important;}&nbsp;&raquo; el_class=&nbsp;&raquo;liste_services&nbsp;&raquo;] Datamanagement&hellip;<\/p>\n<p> <a class=\"more-link\" href=\"https:\/\/www.dim4.com\/index.php\/nos-expertises\/\">Lire la suite<\/a><\/p>\n","protected":false},"author":1,"featured_media":0,"parent":0,"menu_order":0,"comment_status":"closed","ping_status":"closed","template":"","meta":[],"_links":{"self":[{"href":"https:\/\/www.dim4.com\/index.php\/wp-json\/wp\/v2\/pages\/36458"}],"collection":[{"href":"https:\/\/www.dim4.com\/index.php\/wp-json\/wp\/v2\/pages"}],"about":[{"href":"https:\/\/www.dim4.com\/index.php\/wp-json\/wp\/v2\/types\/page"}],"author":[{"embeddable":true,"href":"https:\/\/www.dim4.com\/index.php\/wp-json\/wp\/v2\/users\/1"}],"replies":[{"embeddable":true,"href":"https:\/\/www.dim4.com\/index.php\/wp-json\/wp\/v2\/comments?post=36458"}],"version-history":[{"count":14,"href":"https:\/\/www.dim4.com\/index.php\/wp-json\/wp\/v2\/pages\/36458\/revisions"}],"predecessor-version":[{"id":36737,"href":"https:\/\/www.dim4.com\/index.php\/wp-json\/wp\/v2\/pages\/36458\/revisions\/36737"}],"wp:attachment":[{"href":"https:\/\/www.dim4.com\/index.php\/wp-json\/wp\/v2\/media?parent=36458"}],"curies":[{"name":"wp","href":"https:\/\/api.w.org\/{rel}","templated":true}]}}