{"id":36451,"date":"2020-02-19T08:11:35","date_gmt":"2020-02-19T08:11:35","guid":{"rendered":"http:\/\/www.dim4.com\/?page_id=36451"},"modified":"2024-02-21T15:57:27","modified_gmt":"2024-02-21T15:57:27","slug":"votre-data-notre-adn","status":"publish","type":"page","link":"https:\/\/www.dim4.com\/","title":{"rendered":"Votre data, notre ADN"},"content":{"rendered":"<p>[vc_row][vc_column][vc_empty_space height=&nbsp;&raquo;64px&nbsp;&raquo;][vc_column_text css=&nbsp;&raquo;.vc_custom_1581944214401{margin-right: 0px !important;border-bottom-width: 0px !important;border-bottom-color: #d8a324 !important;border-bottom-style: solid !important;border-radius: 3px !important;}&nbsp;&raquo;]<\/p>\n<h2>Dimension 4, une nouvelle id\u00e9e de la data<\/h2>\n<p>[\/vc_column_text][\/vc_column][\/vc_row][vc_row][vc_column][vc_empty_space][\/vc_column][\/vc_row][vc_row][vc_column][vc_column_text css=&nbsp;&raquo;.vc_custom_1708450393779{padding-bottom: 20px !important;}&nbsp;&raquo;]Depuis 40 ans, tous les m\u00e9tiers de Dimension 4 se nourrissent d\u2019une seule source riche et complexe : la donn\u00e9e.<\/p>\n<p>Cette matrice est \u00e0 l\u2019origine de toutes les actions qualitatives que nous menons pour nos clients : analyser, comprendre, afficher, communiquer\u2026 Structur\u00e9e et prot\u00e9g\u00e9e selon les r\u00e8gles du RGPD, cette data d\u00e9voile des tr\u00e9sors d\u2019informations au service du business et du ROI.[\/vc_column_text][vc_column_text css=&nbsp;&raquo;.vc_custom_1667400662299{padding-bottom: 20px !important;}&nbsp;&raquo;]C\u2019est tout le dynamisme insuffl\u00e9 par ces projets qui fait na\u00eetre cette efficacit\u00e9, cette r\u00e9activit\u00e9 et occasionne la confiance que nous donne tous nos clients.[\/vc_column_text][vc_column_text css=&nbsp;&raquo;.vc_custom_1708450405906{padding-bottom: 20px !important;}&nbsp;&raquo;]Avec plus de 10 ann\u00e9es de fid\u00e9lit\u00e9 moyenne, toutes les \u00e9quipes Dimension 4 b\u00e9n\u00e9ficient d\u2019une v\u00e9ritable proximit\u00e9 avec nos annonceurs et d\u2019une connaissance accrue de leurs secteurs d\u2019activit\u00e9s. En 2024, ce sont 40 experts, chacun dans leur domaine, qui cr\u00e9ent cette cha\u00eene immuable au service de la s\u00e9curit\u00e9 de vos donn\u00e9es et de la performance de nos actions.[\/vc_column_text][\/vc_column][\/vc_row][vc_row][vc_column][vc_empty_space height=&nbsp;&raquo;64px&nbsp;&raquo;][\/vc_column][\/vc_row][vc_row][vc_column][vc_separator color=&nbsp;&raquo;custom&nbsp;&raquo; el_width=&nbsp;&raquo;50&Prime; accent_color=&nbsp;&raquo;#007db3&Prime;][\/vc_column][\/vc_row][vc_row][vc_column][vc_empty_space][vc_icon icon_fontawesome=&nbsp;&raquo;fa fa-angle-down&nbsp;&raquo; color=&nbsp;&raquo;custom&nbsp;&raquo; align=&nbsp;&raquo;center&nbsp;&raquo; css_animation=&nbsp;&raquo;fadeInDown&nbsp;&raquo; custom_color=&nbsp;&raquo;#007db3&Prime; link=&nbsp;&raquo;url:http%3A%2F%2Fwww.dim4.com%2F%23chiffres-cles|||&nbsp;&raquo;][\/vc_column][\/vc_row][vc_row el_id=&nbsp;&raquo;chiffres-cles&nbsp;&raquo;][vc_column width=&nbsp;&raquo;1\/3&Prime; offset=&nbsp;&raquo;vc_col-xs-6&Prime;][vc_pie value=&nbsp;&raquo;35&Prime; label_value=&nbsp;&raquo;35&Prime; color=&nbsp;&raquo;custom&nbsp;&raquo; title=&nbsp;&raquo;Ann\u00e9es d\u2019exp\u00e9rience&nbsp;&raquo; custom_color=&nbsp;&raquo;#0c0c0c&nbsp;&raquo; css=&nbsp;&raquo;.vc_custom_1708530918533{margin-top: 0px !important;margin-bottom: 0px !important;padding-top: 0px !important;padding-bottom: 0px !important;}&nbsp;&raquo;][\/vc_column][vc_column width=&nbsp;&raquo;1\/3&Prime; offset=&nbsp;&raquo;vc_col-xs-6&Prime; css=&nbsp;&raquo;.vc_custom_1708530939048{padding-top: 0px !important;padding-bottom: 0px !important;}&nbsp;&raquo;][vc_pie value=&nbsp;&raquo;95&Prime; color=&nbsp;&raquo;custom&nbsp;&raquo; units=&nbsp;&raquo;%&nbsp;&raquo; custom_color=&nbsp;&raquo;#0c0c0c&nbsp;&raquo; title=&nbsp;&raquo;De fid\u00e9lit\u00e9 client&nbsp;&raquo; css=&nbsp;&raquo;.vc_custom_1708530909140{margin-top: 0px !important;margin-bottom: 0px !important;padding-top: 0px !important;padding-bottom: 0px !important;}&nbsp;&raquo;][\/vc_column][vc_column width=&nbsp;&raquo;1\/3&Prime; offset=&nbsp;&raquo;vc_col-xs-6&Prime;][vc_pie value=&nbsp;&raquo;40&Prime; color=&nbsp;&raquo;custom&nbsp;&raquo; custom_color=&nbsp;&raquo;#0c0c0c&nbsp;&raquo; title=&nbsp;&raquo;Collaborateurs&nbsp;&raquo; css=&nbsp;&raquo;.vc_custom_1708530898283{margin-top: 0px !important;margin-bottom: 0px !important;padding-top: 0px !important;padding-bottom: 0px !important;}&nbsp;&raquo;][\/vc_column][\/vc_row][vc_row][vc_column][vc_empty_space height=&nbsp;&raquo;80px&nbsp;&raquo;][\/vc_column][\/vc_row][vc_row][vc_column][vc_raw_html]JTNDZGl2JTIwd2lkdGglM0QlMjIxMDAlMjUlMjIlMjBzdHlsZSUzRCUyMmJvcmRlci10b3AlM0ElMjAxcHglMjBzb2xpZCUyMCUyMzIyMjIyMiUzQiUyMGRpc3BsYXklM0ElMjBmbGV4JTNCJTIwZmxleC13cmFwJTNBJTIwd3JhcCUzQiUyMiUzRSUwQSUzQ2RpdiUyMHdpZHRoJTNEJTIyNTAlMjUlMjIlMjBzdHlsZSUzRCUyMmZsZXglM0ElMjAxJTNCJTIwcGFkZGluZyUzQSUyMDIwcHglMjIlM0UlMEElM0NwJTIwc3R5bGUlM0QlMjJmb250LXNpemUlM0ElMjAxMnB4JTNCJTIwY29sb3IlM0ElMjAlMjNCQkJCQkIlMjIlM0UlM0NiJTNFTk9STUVTJTIwRVQlMjBMQUJFTFMlM0MlMkZiJTNFJTNDJTJGcCUzRSUwQSUzQ3VsJTIwc3R5bGUlM0QlMjJsaXN0LXN0eWxlJTNBJTIwbm9uZSUzQiUyMiUzRSUwQSUzQ2xpJTNFJTNDYSUyMGhyZWYlM0QlMjJodHRwcyUzQSUyRiUyRnd3dy5kaW00LmNvbSUyRmluZGV4LnBocCUyRnBvbGl0aXF1ZS1yZXNwb25zYWJpbGl0ZS1zb2NpZXRhbGUtZXQtZGV2ZWxvcHBlbWVudC1kdXJhYmxlJTJGJTIyJTNFUlNFJTNDJTJGYSUzRSUzQyUyRmxpJTNFJTBBJTNDbGklM0UlM0NhJTIwaHJlZiUzRCUyMmh0dHBzJTNBJTJGJTJGd3d3LmRpbTQuY29tJTJGaW5kZXgucGhwJTJGZGltZW5zaW9uLTQtbWVkYWlsbGUtZC1hcmdlbnQtcGFyLWVjb3ZhZGlzJTJGJTIyJTNFRGltZW5zaW9uJTIwNCUyMG0lQzMlQTlkYWlsbCVDMyVBOSUyMGQlMjdhcmdlbnQlMjBFY29WYWRpcyUzQyUyRmElM0UlM0MlMkZsaSUzRSUwQSUzQyUyRnVsJTNFJTBBJTNDJTJGZGl2JTNFJTBBJTNDZGl2JTIwd2lkdGglM0QlMjI1MCUyNSUyMiUyMHN0eWxlJTNEJTIyZmxleCUzQSUyMDElM0IlMjBwYWRkaW5nJTNBJTIwMjBweCUyMiUzRSUwQSUzQ3AlMjBzdHlsZSUzRCUyMmZvbnQtc2l6ZSUzQSUyMDEycHglM0IlMjBjb2xvciUzQSUyMCUyM0JCQkJCQiUyMiUzRSUzQ2IlM0VDT05ESVRJT05TJTIwRCUyN1VUSUxJU0FUSU9OJTNDJTJGYiUzRSUzQyUyRnAlM0UlMEElM0N1bCUyMHN0eWxlJTNEJTIybGlzdC1zdHlsZSUzQSUyMG5vbmUlM0IlMjAlMjIlM0UlMEElM0NsaSUzRSUzQ2ElMjBocmVmJTNEJTIyaHR0cHMlM0ElMkYlMkZ3d3cuZGltNC5jb20lMkZpbmRleC5waHAlMkZtZW50aW9ucy1sZWdhbGVzJTJGJTIyJTNFTWVudGlvbnMlMjBsJUMzJUE5Z2FsZXMlMjBEaW1lbnNpb24lMjA0JTNDJTJGYSUzRSUzQyUyRmxpJTNFJTBBJTNDbGklM0UlM0NhJTIwaHJlZiUzRCUyMmh0dHBzJTNBJTJGJTJGd3d3LmRpbTQuY29tJTJGaW5kZXgucGhwJTJGZG9ubmVlcy1wZXJzb25uZWxsZXMlMkYlMjIlM0VEb25uJUMzJUE5ZXMlMjBwZXJzb25uZWxsZXMlM0MlMkZhJTNFJTNDJTJGbGklM0UlMEElM0MlMkZ1bCUzRSUwQSUzQyUyRmRpdiUzRSUwQSUzQyUyRmRpdiUzRQ==[\/vc_raw_html][\/vc_column][\/vc_row]<\/p>\n","protected":false},"excerpt":{"rendered":"<p>[vc_row][vc_column][vc_empty_space height=&nbsp;&raquo;64px&nbsp;&raquo;][vc_column_text css=&nbsp;&raquo;.vc_custom_1581944214401{margin-right: 0px !important;border-bottom-width: 0px !important;border-bottom-color: #d8a324 !important;border-bottom-style: solid !important;border-radius: 3px !important;}&nbsp;&raquo;] Dimension 4, une nouvelle id\u00e9e de la data [\/vc_column_text][\/vc_column][\/vc_row][vc_row][vc_column][vc_empty_space][\/vc_column][\/vc_row][vc_row][vc_column][vc_column_text css=&nbsp;&raquo;.vc_custom_1708450393779{padding-bottom: 20px !important;}&nbsp;&raquo;]Depuis 40 ans, tous les m\u00e9tiers de Dimension 4 se nourrissent d\u2019une seule source riche et complexe : la donn\u00e9e. Cette matrice est \u00e0 l\u2019origine de toutes les actions qualitatives que nous menons pour nos clients : analyser, comprendre, afficher, communiquer\u2026 Structur\u00e9e et prot\u00e9g\u00e9e selon les r\u00e8gles du RGPD, cette data d\u00e9voile des tr\u00e9sors d\u2019informations au service du business et du ROI.[\/vc_column_text][vc_column_text css=&nbsp;&raquo;.vc_custom_1667400662299{padding-bottom: 20px !important;}&nbsp;&raquo;]C\u2019est tout le dynamisme insuffl\u00e9 par ces projets qui fait na\u00eetre cette efficacit\u00e9, cette r\u00e9activit\u00e9 et occasionne la confiance que nous donne tous nos clients.[\/vc_column_text][vc_column_text css=&nbsp;&raquo;.vc_custom_1708450405906{padding-bottom: 20px !important;}&nbsp;&raquo;]Avec plus de 10 ann\u00e9es de fid\u00e9lit\u00e9 moyenne, toutes les \u00e9quipes Dimension 4 b\u00e9n\u00e9ficient d\u2019une v\u00e9ritable proximit\u00e9 avec nos annonceurs et d\u2019une connaissance accrue de leurs secteurs d\u2019activit\u00e9s. En 2024, ce sont 40 experts, chacun&hellip;<\/p>\n<p> <a class=\"more-link\" href=\"https:\/\/www.dim4.com\/\">Lire la suite<\/a><\/p>\n","protected":false},"author":1,"featured_media":0,"parent":0,"menu_order":0,"comment_status":"closed","ping_status":"closed","template":"","meta":[],"_links":{"self":[{"href":"https:\/\/www.dim4.com\/index.php\/wp-json\/wp\/v2\/pages\/36451"}],"collection":[{"href":"https:\/\/www.dim4.com\/index.php\/wp-json\/wp\/v2\/pages"}],"about":[{"href":"https:\/\/www.dim4.com\/index.php\/wp-json\/wp\/v2\/types\/page"}],"author":[{"embeddable":true,"href":"https:\/\/www.dim4.com\/index.php\/wp-json\/wp\/v2\/users\/1"}],"replies":[{"embeddable":true,"href":"https:\/\/www.dim4.com\/index.php\/wp-json\/wp\/v2\/comments?post=36451"}],"version-history":[{"count":21,"href":"https:\/\/www.dim4.com\/index.php\/wp-json\/wp\/v2\/pages\/36451\/revisions"}],"predecessor-version":[{"id":36736,"href":"https:\/\/www.dim4.com\/index.php\/wp-json\/wp\/v2\/pages\/36451\/revisions\/36736"}],"wp:attachment":[{"href":"https:\/\/www.dim4.com\/index.php\/wp-json\/wp\/v2\/media?parent=36451"}],"curies":[{"name":"wp","href":"https:\/\/api.w.org\/{rel}","templated":true}]}}